{"id":314,"date":"2021-04-24T18:56:29","date_gmt":"2021-04-24T18:56:29","guid":{"rendered":"http:\/\/konsulatservice.com\/?page_id=314"},"modified":"2021-04-28T03:38:39","modified_gmt":"2021-04-28T03:38:39","slug":"partners","status":"publish","type":"page","link":"http:\/\/konsulatservice.com\/ru\/partners","title":{"rendered":"\u041f\u0430\u0440\u0442\u043d\u0451\u0440\u044b"},"content":{"rendered":"\n<h2><strong>Reiseb\u00fcro Galant GbR<\/strong><\/h2>\n<p>Kolpingstr. 17<\/p>\n<p><span class=\"Eq0J8 LrzXr kno-fv\">53757<\/span> Sankt Augustin,<\/p>\n<p>Tel.02241 8999348,<\/p>\n<p>E-mail: galantratravel@gmail.com<\/p>\n<p>&nbsp;<\/p>\n<h2>D. Ikhilchyk<\/h2>\n<p>Braunstra\u00dfe 6a<\/p>\n<p>30169 Hannover, Tel. 05113354000,<\/p>\n<p>E-mail: <a class=\"mailto-link\" href=\"mailto:ikhilchyk@web.de\" target=\"_blank\" rel=\"noopener\">ikhilchyk@web.de<\/a><\/p>\n<p>&nbsp;<\/p>\n<h2>IT-Support Wladimir Schmidt<\/h2>\n<p>R\u00f6ttelnblick 28<\/p>\n<p>79540 L\u00f6rrach<\/p>\n<p>info@wladimir-schmidt.com<\/p>\n<p>www.wladimir-schmidt.com<\/p>\n","protected":false},"excerpt":{"rendered":"<p>Reiseb\u00fcro Galant GbR Kolpingstr. 17 53757 Sankt Augustin, Tel.02241 8999348, E-mail: galantratravel@gmail.com &nbsp; D. Ikhilchyk Braunstra\u00dfe 6a 30169 Hannover, Tel. 05113354000, E-mail: ikhilchyk@web.de &nbsp; IT-Support Wladimir Schmidt R\u00f6ttelnblick 28 79540 L\u00f6rrach info@wladimir-schmidt.com www.wladimir-schmidt.com<\/p>\n","protected":false},"author":1,"featured_media":0,"parent":0,"menu_order":0,"comment_status":"closed","ping_status":"closed","template":"","meta":{"ngg_post_thumbnail":0,"footnotes":""},"class_list":["post-314","page","type-page","status-publish","hentry"],"translation":{"provider":"WPGlobus","version":"3.0.2","language":"ru","enabled_languages":["de","ru"],"languages":{"de":{"title":true,"content":true,"excerpt":false},"ru":{"title":true,"content":true,"excerpt":false}}},"_links":{"self":[{"href":"http:\/\/konsulatservice.com\/ru\/wp-json\/wp\/v2\/pages\/314","targetHints":{"allow":["GET"]}}],"collection":[{"href":"http:\/\/konsulatservice.com\/ru\/wp-json\/wp\/v2\/pages"}],"about":[{"href":"http:\/\/konsulatservice.com\/ru\/wp-json\/wp\/v2\/types\/page"}],"author":[{"embeddable":true,"href":"http:\/\/konsulatservice.com\/ru\/wp-json\/wp\/v2\/users\/1"}],"replies":[{"embeddable":true,"href":"http:\/\/konsulatservice.com\/ru\/wp-json\/wp\/v2\/comments?post=314"}],"version-history":[{"count":5,"href":"http:\/\/konsulatservice.com\/ru\/wp-json\/wp\/v2\/pages\/314\/revisions"}],"predecessor-version":[{"id":334,"href":"http:\/\/konsulatservice.com\/ru\/wp-json\/wp\/v2\/pages\/314\/revisions\/334"}],"wp:attachment":[{"href":"http:\/\/konsulatservice.com\/ru\/wp-json\/wp\/v2\/media?parent=314"}],"curies":[{"name":"wp","href":"https:\/\/api.w.org\/{rel}","templated":true}]}}