{"id":28,"date":"2017-01-10T19:30:47","date_gmt":"2017-01-10T19:30:47","guid":{"rendered":"http:\/\/konsulatservice.com\/?page_id=28"},"modified":"2021-04-28T15:47:17","modified_gmt":"2021-04-28T15:47:17","slug":"%d0%b0%d0%b4%d1%80%d0%b5%d1%81%d1%81%d0%b0","status":"publish","type":"page","link":"http:\/\/konsulatservice.com\/ru\/%d0%b0%d0%b4%d1%80%d0%b5%d1%81%d1%81%d0%b0","title":{"rendered":"\u041a\u043e\u043d\u0441\u0443\u043b\u044c\u0441\u0442\u0432\u0430"},"content":{"rendered":"<p><strong>Generalkonsulat Russland, Bonn<\/strong><br \/>\nGeneralkonsulat Russische F\u00f6deration, Waldstra\u00dfe 42, 53177 Bonn<br \/>\nTelefon (Generalkonsulat Russland, Bonn)<br \/>\nVisastelle: +49(0) 228 3 86 79 30,<br \/>\nPassstelle: +49(0) 228 3 86 79 23<br \/>\nFax (Generalkonsulat Russland, Bonn)<br \/>\n+49(0) 228 31 21 64<br \/>\nE-Mail:info@ruskonsulatbonn.de<br \/>\nAngaben&nbsp; &nbsp;sind ohne Gew\u00e4hr! Bitte beachten Sie, dass sich die Informationen in Einzelf\u00e4llen auch kurzfristig \u00e4ndern k\u00f6nnen!<br \/>\nSprechzeit: Mo-Fr 8.30-13 Uhr,<br \/>\nKonsularbezirke: L\u00e4nder Nordrhein-Westfalen, Rheinland-Pfalz und Saarland<\/p>\n<p><strong>Generalkonsulat Russland, Frankfurt<\/strong><br \/>\nGeneralkonsulat Russische F\u00f6deration, Oeder Weg 16-18, 60318 Frankfurt am Main. Postanschrift: Eschenheimer Anlage 33-34, 60318 Frankfurt am Main<br \/>\nTelefon (Generalkonsulat Russland, Frankfurt)<br \/>\n+49(0) 69 596 74 503, +49(0) 69 596 74 231 (von 14.30 bis 18.00 Uhr)<br \/>\nFax (Generalkonsulat Russland, Frankfurt)<br \/>\n+49(0) 69 596 745 05<br \/>\nE-Mail:spravka@ruskonsulatfrankfurt.de<br \/>\nAngaben &nbsp;sind ohne Gew\u00e4hr! Bitte beachten Sie, dass sich die Informationen in Einzelf\u00e4llen auch kurzfristig \u00e4ndern k\u00f6nnen!<br \/>\nSprechzeiten von 9.00 bis 13.00 Uhr,<br \/>\nKonsularbezirke: Baden-W\u00fcrttemberg, Hessen<\/p>\n<p><strong>Generalkonsulat Russland, Hamburg<\/strong><br \/>\nGeneralkonsulat Russische F\u00f6deration, Am Feenteich 20, 22085 Hamburg<br \/>\nTelefon (Generalkonsulat Russland, Hamburg)<br \/>\n+49(0) 40 2 29 52 01, 2 29 53 01<br \/>\nFax (Generalkonsulat Russland, Hamburg)<br \/>\n+49(0) 40 2 29 77 27<br \/>\nE-Mail:mail@generalkonsulat-rus-hamburg.de<br \/>\nAngaben &nbsp;sind ohne Gew\u00e4hr! Bitte beachten Sie, dass sich die Informationen in Einzelf\u00e4llen auch kurzfristig \u00e4ndern k\u00f6nnen!<br \/>\nSprechzeit: Mo-Fr 9-12 Uhr,&nbsp;<br \/>\nKonsularbezirke: L\u00e4nder Hamburg, Bremen, Niedersachsen und Schleswig-Holstein<\/p>\n<p><strong>&nbsp;<\/strong><\/p>\n<p>Angaben &nbsp;sind ohne Gew\u00e4hr! Bitte beachten Sie, dass sich die Informationen in Einzelf\u00e4llen auch kurzfristig \u00e4ndern k\u00f6nnen!<\/p>\n<p>&nbsp;<\/p>\n<p>&nbsp;<\/p>\n","protected":false},"excerpt":{"rendered":"<p>Generalkonsulat Russland, Bonn Generalkonsulat Russische F\u00f6deration, Waldstra\u00dfe 42, 53177 Bonn Telefon (Generalkonsulat Russland, Bonn) Visastelle: +49(0) 228 3 86 79 30, Passstelle: +49(0) 228 3 86 79 23 Fax (Generalkonsulat Russland, Bonn) +49(0) 228 31 21 64 E-Mail:info@ruskonsulatbonn.de Angaben&nbsp; &nbsp;sind ohne Gew\u00e4hr! Bitte beachten Sie, dass sich die Informationen in Einzelf\u00e4llen auch kurzfristig \u00e4ndern k\u00f6nnen! [&hellip;]<\/p>\n","protected":false},"author":1,"featured_media":0,"parent":0,"menu_order":0,"comment_status":"closed","ping_status":"closed","template":"","meta":{"ngg_post_thumbnail":0,"footnotes":""},"class_list":["post-28","page","type-page","status-publish","hentry"],"translation":{"provider":"WPGlobus","version":"3.0.2","language":"ru","enabled_languages":["de","ru"],"languages":{"de":{"title":true,"content":true,"excerpt":false},"ru":{"title":true,"content":true,"excerpt":false}}},"_links":{"self":[{"href":"http:\/\/konsulatservice.com\/ru\/wp-json\/wp\/v2\/pages\/28","targetHints":{"allow":["GET"]}}],"collection":[{"href":"http:\/\/konsulatservice.com\/ru\/wp-json\/wp\/v2\/pages"}],"about":[{"href":"http:\/\/konsulatservice.com\/ru\/wp-json\/wp\/v2\/types\/page"}],"author":[{"embeddable":true,"href":"http:\/\/konsulatservice.com\/ru\/wp-json\/wp\/v2\/users\/1"}],"replies":[{"embeddable":true,"href":"http:\/\/konsulatservice.com\/ru\/wp-json\/wp\/v2\/comments?post=28"}],"version-history":[{"count":12,"href":"http:\/\/konsulatservice.com\/ru\/wp-json\/wp\/v2\/pages\/28\/revisions"}],"predecessor-version":[{"id":343,"href":"http:\/\/konsulatservice.com\/ru\/wp-json\/wp\/v2\/pages\/28\/revisions\/343"}],"wp:attachment":[{"href":"http:\/\/konsulatservice.com\/ru\/wp-json\/wp\/v2\/media?parent=28"}],"curies":[{"name":"wp","href":"https:\/\/api.w.org\/{rel}","templated":true}]}}