{"id":141,"date":"2017-01-10T21:44:02","date_gmt":"2017-01-10T21:44:02","guid":{"rendered":"http:\/\/konsulatservice.com\/?page_id=141"},"modified":"2021-06-09T10:03:35","modified_gmt":"2021-06-09T10:03:35","slug":"impressum","status":"publish","type":"page","link":"http:\/\/konsulatservice.com\/ru\/impressum","title":{"rendered":"Impressum"},"content":{"rendered":"<p>\u042d\u0442\u043e\u0442 \u0441\u0430\u0439\u0442 \u043f\u0440\u0435\u0434\u0441\u0442\u0430\u0432\u043b\u0435\u043d Luidmyla Cherniatina, \u044e\u0440\u0438\u0441\u0442\u043e\u043c \u043f\u043e \u043f\u0440\u0430\u0432\u0443, \u0434\u0438\u043f\u043b\u043e\u043c \u0441\u043f\u0435\u0446\u0438\u0430\u043b\u0438\u0441\u0442\u0430 \u041c\u0412 \u211610504250 \u043e\u0442 21.04.2005.<\/p>\n<address class=\"vcard\">\n<div class=\"entry-content clearfix\">\n<p><strong>LCH Konsulatservice<\/strong><br \/>\nGesch\u00e4ftsf\u00fchrer: Luidmyla Cherniatina<br \/>\nAm Lettenbuck 3<br \/>\n79415 Bad Bellingen<br \/>\nTelefon:+49 76354529616<br \/>\nHandy: +49 1758332916<\/p>\n<p>E-Mail: info@konsulatservice.com<br \/>\nmila.koevoets@web.de<\/p>\n<p><strong>Bankdaten:<\/strong><br \/>\nLiudmyla Cherniatina<br \/>\nLCH Konsulatservice<br \/>\nSparkasse Markgr\u00e4flerland<br \/>\nHauptstr. 279<br \/>\n79576 Weil am Rhein<br \/>\nUst-IdNr. De 142381652<br \/>\nIBAN DE08 6835 1865 0108 4344 08<br \/>\nBIC SOLADES1MGL<\/p>\n<p>Inhaltlich Verantwortlicher gem\u00e4\u00df \u00a7 6 des MDStV: Liudmyla Cherniatina<\/p>\n<p>Haftungshinweis: Trotz sorgf\u00e4ltiger inhaltlicher Kontrolle \u00fcbernehmen wir keine Haftung f\u00fcr die Inhalte externer Links. F\u00fcr den Inhalt der verlinkten Seiten sind ausschlie\u00dflich deren Betreiber verantwortlich.<\/p>\n<div data-canvas-width=\"581.0239999999999\">Cookie-Einstellungen Konsulatservice verwendet Cookies und \u00e4hnliche Technologien, um<\/div>\n<div data-canvas-width=\"556.8800000000001\">deine Ger\u00e4te- und Browsereinstellungen nachzuvollziehen. Dies ist ist in vielen F\u00e4llen<\/div>\n<div data-canvas-width=\"585.8239999999998\">notwendig zur Sicherstellung und Verbesserung der Funktionalit\u00e4t der Website. Au\u00dferdem<\/div>\n<div data-canvas-width=\"562.256\">analysieren wir mit diesen Technologien die Nutzung unserer Webseite und k\u00f6nnen dir<\/div>\n<div data-canvas-width=\"383.1840000000002\">personalisierte Werbung bereitstellen. Bitte besuche unsere Datenschutzerkl\u00e4rung f\u00fcr weitere Informationen.<\/div>\n<div data-canvas-width=\"383.1840000000002\">&nbsp;<\/div>\n<div data-canvas-width=\"585.424\">Deine Einstellungen kannst Du individuell anpassen. Diese Informationen speichern wir ineinem Cookie.<\/div>\n<\/div>\n<\/address>\n","protected":false},"excerpt":{"rendered":"<p>\u042d\u0442\u043e\u0442 \u0441\u0430\u0439\u0442 \u043f\u0440\u0435\u0434\u0441\u0442\u0430\u0432\u043b\u0435\u043d Luidmyla Cherniatina, \u044e\u0440\u0438\u0441\u0442\u043e\u043c \u043f\u043e \u043f\u0440\u0430\u0432\u0443, \u0434\u0438\u043f\u043b\u043e\u043c \u0441\u043f\u0435\u0446\u0438\u0430\u043b\u0438\u0441\u0442\u0430 \u041c\u0412 \u211610504250 \u043e\u0442 21.04.2005. LCH Konsulatservice Gesch\u00e4ftsf\u00fchrer: Luidmyla Cherniatina Am Lettenbuck 3 79415 Bad Bellingen Telefon:+49 76354529616 Handy: +49 1758332916 E-Mail: info@konsulatservice.com mila.koevoets@web.de Bankdaten: Liudmyla Cherniatina LCH Konsulatservice Sparkasse Markgr\u00e4flerland Hauptstr. 279 79576 Weil am Rhein Ust-IdNr. De 142381652 IBAN DE08 6835 1865 0108 4344 [&hellip;]<\/p>\n","protected":false},"author":1,"featured_media":0,"parent":0,"menu_order":0,"comment_status":"closed","ping_status":"closed","template":"","meta":{"ngg_post_thumbnail":0,"footnotes":""},"class_list":["post-141","page","type-page","status-publish","hentry"],"translation":{"provider":"WPGlobus","version":"3.0.2","language":"ru","enabled_languages":["de","ru"],"languages":{"de":{"title":true,"content":true,"excerpt":false},"ru":{"title":true,"content":true,"excerpt":false}}},"_links":{"self":[{"href":"http:\/\/konsulatservice.com\/ru\/wp-json\/wp\/v2\/pages\/141","targetHints":{"allow":["GET"]}}],"collection":[{"href":"http:\/\/konsulatservice.com\/ru\/wp-json\/wp\/v2\/pages"}],"about":[{"href":"http:\/\/konsulatservice.com\/ru\/wp-json\/wp\/v2\/types\/page"}],"author":[{"embeddable":true,"href":"http:\/\/konsulatservice.com\/ru\/wp-json\/wp\/v2\/users\/1"}],"replies":[{"embeddable":true,"href":"http:\/\/konsulatservice.com\/ru\/wp-json\/wp\/v2\/comments?post=141"}],"version-history":[{"count":15,"href":"http:\/\/konsulatservice.com\/ru\/wp-json\/wp\/v2\/pages\/141\/revisions"}],"predecessor-version":[{"id":399,"href":"http:\/\/konsulatservice.com\/ru\/wp-json\/wp\/v2\/pages\/141\/revisions\/399"}],"wp:attachment":[{"href":"http:\/\/konsulatservice.com\/ru\/wp-json\/wp\/v2\/media?parent=141"}],"curies":[{"name":"wp","href":"https:\/\/api.w.org\/{rel}","templated":true}]}}